{"id":24,"date":"2022-05-23T15:17:46","date_gmt":"2022-05-23T18:17:46","guid":{"rendered":"https:\/\/ruralserv.com.br\/?page_id=24"},"modified":"2022-05-23T22:15:22","modified_gmt":"2022-05-24T01:15:22","slug":"as-melhores-solucoes-para-o-produtor-rural","status":"publish","type":"page","link":"https:\/\/ruralserv.com.br\/","title":{"rendered":"A Ruralserv"},"content":{"rendered":"<div id=\"comp-kp43i8u2\" class=\"_2Hij5\" data-testid=\"richTextElement\">\n<h2 class=\"font_4\">A base do conceito de sustentabilidade do mundo moderno \u00e9 a produ\u00e7\u00e3o de forma mais eficiente, com a utiliza\u00e7\u00e3o racional de mat\u00e9rias-primas, \u00e1gua e energia. N\u00f3s aqui na Ruralserv seguimos essa filosofia. Nossos produtos s\u00e3o ecologicamente corretos e n\u00e3o poluem o meio ambiente.<\/h2>\n<\/div>\n<div id=\"comp-kp43iy0h\" class=\"_2Hij5\" data-testid=\"richTextElement\">\n<p class=\"font_8\">\n<\/div>\n","protected":false},"excerpt":{"rendered":"<p>A base do conceito de sustentabilidade do mundo moderno \u00e9 a produ\u00e7\u00e3o de forma mais eficiente, com a utiliza\u00e7\u00e3o racional de mat\u00e9rias-primas, \u00e1gua e energia. N\u00f3s aqui na Ruralserv seguimos essa filosofia. Nossos produtos s\u00e3o ecologicamente corretos e n\u00e3o poluem o meio ambiente.<\/p>\n","protected":false},"author":1,"featured_media":0,"parent":0,"menu_order":0,"comment_status":"closed","ping_status":"closed","template":"","meta":{"footnotes":""},"class_list":["post-24","page","type-page","status-publish","hentry"],"_links":{"self":[{"href":"https:\/\/ruralserv.com.br\/index.php\/wp-json\/wp\/v2\/pages\/24","targetHints":{"allow":["GET"]}}],"collection":[{"href":"https:\/\/ruralserv.com.br\/index.php\/wp-json\/wp\/v2\/pages"}],"about":[{"href":"https:\/\/ruralserv.com.br\/index.php\/wp-json\/wp\/v2\/types\/page"}],"author":[{"embeddable":true,"href":"https:\/\/ruralserv.com.br\/index.php\/wp-json\/wp\/v2\/users\/1"}],"replies":[{"embeddable":true,"href":"https:\/\/ruralserv.com.br\/index.php\/wp-json\/wp\/v2\/comments?post=24"}],"version-history":[{"count":8,"href":"https:\/\/ruralserv.com.br\/index.php\/wp-json\/wp\/v2\/pages\/24\/revisions"}],"predecessor-version":[{"id":70,"href":"https:\/\/ruralserv.com.br\/index.php\/wp-json\/wp\/v2\/pages\/24\/revisions\/70"}],"wp:attachment":[{"href":"https:\/\/ruralserv.com.br\/index.php\/wp-json\/wp\/v2\/media?parent=24"}],"curies":[{"name":"wp","href":"https:\/\/api.w.org\/{rel}","templated":true}]}}